{"id":1432,"date":"2022-09-28T14:00:38","date_gmt":"2022-09-28T12:00:38","guid":{"rendered":"https:\/\/www.babyshowers.be\/privacybeleid\/"},"modified":"2022-09-28T14:00:38","modified_gmt":"2022-09-28T12:00:38","slug":"privacybeleid","status":"publish","type":"page","link":"https:\/\/www.babyshowers.be\/nl\/privacybeleid\/","title":{"rendered":"Privacybeleid"},"content":{"rendered":"<h1>Verklaring gegevensbescherming<\/h1>\n<p>&nbsp;<\/p>\n<h2>1. Waarom verwerken wij uw persoonlijke gegevens?<\/h2>\n<p>&nbsp;<\/p>\n<h3>1.1. Verspreiding en verzameling van informatie en verwerking van dossiers<\/h3>\n<p>&nbsp;<\/p>\n<h4>1.1.1 Vragen beantwoorden via het contactformulier<\/h4>\n<p>&nbsp;<\/p>\n<p>We verwerken deze persoonlijke gegevens om de veiligheid (van informatie) en goede werking van onze organisatie te garanderen.<\/p>\n<p>&nbsp;<\/p>\n<table>\n<tbody>\n<tr>\n<td width=\"170\"><strong>Welke persoonlijke gegevens?<\/strong><\/td>\n<td width=\"151\"><strong>Hoe hebben we deze gegevens verkregen?<\/strong><\/td>\n<td width=\"132\"><strong>Voor hoe lang?<\/strong><\/td>\n<td width=\"151\"><strong>Met wie worden deze gegevens gedeeld?<\/strong><\/td>\n<\/tr>\n<tr>\n<td width=\"170\">Identificatiegegevens, contactgegevens en gegevens met betrekking tot de vraag, informatie of bestelling<\/td>\n<td width=\"151\">Rechtstreeks van de betrokken perso(o)n(en) OF onrechtstreeks van een of meer andere perso(o)n(en)<\/td>\n<td width=\"132\">3 jaar na het laatste contact<\/td>\n<td width=\"151\">Onderaannemers die onze ICT-infrastructuur onderhouden, indien hun werk dit vereist<\/td>\n<\/tr>\n<\/tbody>\n<\/table>\n<p>&nbsp;<\/p>\n<p>Indirect van een of meer andere perso(o)n(en): in sommige gevallen ontvangen we een verzoek dat betrekking heeft op iemand anders en dit betekent dat we daarom persoonlijke gegevens kunnen hebben van een of meer andere perso(o)n(en).<\/p>\n<p>&nbsp;<\/p>\n<h4>1.1.2. Een bestelling verwerken<\/h4>\n<p>&nbsp;<\/p>\n<p>We verwerken deze persoonlijke gegevens om de veiligheid (van informatie) en goede werking van onze organisatie te garanderen.<\/p>\n<p>&nbsp;<\/p>\n<table>\n<tbody>\n<tr>\n<td width=\"170\"><strong>Welke persoonlijke gegevens?<\/strong><\/td>\n<td width=\"151\"><strong>Hoe hebben we deze gegevens verkregen?<\/strong><\/td>\n<td width=\"132\"><strong>Voor hoe lang?<\/strong><\/td>\n<td width=\"151\"><strong>Met wie worden deze gegevens gedeeld?<\/strong><\/td>\n<\/tr>\n<tr>\n<td width=\"170\">Identificatiegegevens, contactgegevens en gegevens met betrekking tot de vraag, informatie of bestelling<\/td>\n<td width=\"151\">Rechtstreeks van de betrokken perso(o)n(en) OF onrechtstreeks van een of meer andere perso(o)n(en)<\/td>\n<td width=\"132\">3 jaar na het laatste contact<\/td>\n<td width=\"151\">Onderaannemers die onze ICT-infrastructuur onderhouden, indien hun werk dit vereist<\/td>\n<\/tr>\n<\/tbody>\n<\/table>\n<p>&nbsp;<\/p>\n<p>Indirect van een of meer andere perso(o)n(en): in sommige gevallen ontvangen we een verzoek dat betrekking heeft op iemand anders en dit betekent dat we daarom persoonlijke gegevens kunnen hebben van een of meer andere perso(o)n(en).<\/p>\n<p>&nbsp;<\/p>\n<h4>1.1.3. Uitoefening van de rechten van betrokkenen met betrekking tot de verwerking door willywaller.com<\/h4>\n<p>We verwerken deze persoonsgegevens omdat we ze nodig hebben om onze wettelijk vastgelegde taken uit te voeren<\/p>\n<p>&nbsp;<\/p>\n<table>\n<tbody>\n<tr>\n<td width=\"170\"><strong>Welke persoonlijke gegevens?<\/strong><\/td>\n<td width=\"151\"><strong>Hoe hebben we deze gegevens verkregen?<\/strong><\/td>\n<td width=\"132\"><strong>Voor hoe lang?<\/strong><\/td>\n<td width=\"151\"><strong>Met wie worden deze gegevens gedeeld?<\/strong><\/td>\n<\/tr>\n<tr>\n<td width=\"170\">Identificatiegegevens, contactgegevens en gegevens met betrekking tot de vraag, informatie of bestelling<\/td>\n<td width=\"151\">Rechtstreeks van de betrokken persoon<\/td>\n<td width=\"132\">1 jaar na sluiting van het dossier<\/td>\n<td width=\"151\">Onderaannemers die instaan voor onze ICT-infrastructuur indien hun tussenkomst dit vereist<\/td>\n<\/tr>\n<\/tbody>\n<\/table>\n<p>&nbsp;<\/p>\n<h2>1.2. Organisatiemanagement<\/h2>\n<p>&nbsp;<\/p>\n<h4>1.2.1. Website<\/h4>\n<p>&nbsp;<\/p>\n<p>Wanneer u onze website bezoekt, verwerken we bepaalde persoonlijke gegevens zoals IP-adressen en cookies om de goede werking en veiligheid van onze website te garanderen.<\/p>\n<p>De verwerking van persoonsgegevens die op deze manier worden verkregen, is gebaseerd op ons legitieme belang in de veiligheid en goede werking van onze website en op uw toestemming voor de analyse van het gebruik van onze website. Behalve voor noodzakelijke cookies vragen we altijd uw toestemming. Hieronder vindt u een lijst van de cookies die op onze website worden gebruikt.  <\/p>\n<p>&nbsp;<\/p>\n<p><strong>Cookies<\/strong><\/p>\n<p>Een cookie is een klein tekstbestand dat op uw computer kan worden opgeslagen wanneer u websites bezoekt. In een tekstbestand wordt informatie opgeslagen, zoals uw taalkeuze voor een website. Wanneer u de website later opnieuw bezoekt, wordt deze cookie teruggestuurd naar de website in kwestie. Op deze manier herkent de website uw browser en kan deze bijvoorbeeld uw taalkeuze onthouden.   <\/p>\n<p>Cookies hebben over het algemeen ook een vervaldatum. Sommige cookies worden bijvoorbeeld automatisch verwijderd wanneer u uw browser afsluit (zogenaamde sessiecookies), terwijl andere langer op uw computer blijven staan, soms zelfs totdat u ze handmatig verwijdert (zogenaamde permanente cookies). <\/p>\n<p>&nbsp;<\/p>\n<p><strong>Waarom gebruiken we cookies?<\/strong><\/p>\n<p>willywaller.com, de beheerder van deze website, gebruikt drie soorten cookies op willywaller.com:<\/p>\n<ul>\n<li>essenti\u00eble cookies ;<\/li>\n<li>analytische cookies.<\/li>\n<\/ul>\n<p>&nbsp;<\/p>\n<p>Om de inhoud van haar website te beheren, plaatst willywaller.com essenti\u00eble en functionele cookies. Deze cookies zijn noodzakelijk voor het goed functioneren van deze website. Het is niet mogelijk om deze cookies te weigeren als u onze website wilt bezoeken.  <\/p>\n<p>&nbsp;<\/p>\n<p>willywaller.com gebruikt ook &#8220;Google Analytics&#8221; voor analytische doeleinden. Deze analysetool installeert cookies die we gebruiken om de bezoeken (traffic) aan de website te kwantificeren. Hierdoor weten we met name hoe vaak een bepaalde pagina is gelezen. We gebruiken deze informatie alleen om de inhoud van onze website te verbeteren of als basis voor een nieuwe campagne over een bepaald onderwerp waarvoor veel belangstelling bestaat. Voor het gebruik van deze cookies voor analysedoeleinden is uw voorafgaande toestemming nodig. Deze cookies worden daarom alleen met uw toestemming op uw apparaat ge\u00efnstalleerd.     <\/p>\n<p>&nbsp;<\/p>\n<p><strong>Lijst van analytische cookies<\/strong><\/p>\n<p>U kunt cookies hieronder weigeren als u onze website wilt bekijken.<\/p>\n<p>&nbsp;<\/p>\n<table width=\"604\">\n<tbody>\n<tr>\n<td width=\"226\"><strong>Naam<\/strong><\/td>\n<td width=\"104\"><strong>Deadline<\/strong><\/td>\n<td width=\"274\"><strong>Doel<\/strong><\/td>\n<\/tr>\n<tr>\n<td width=\"226\">ga = Google Universal Analytics<\/td>\n<td width=\"104\">2 jaar oud<\/td>\n<td width=\"274\">Onderscheid unieke gebruikers door een willekeurig gegenereerd nummer toe te wijzen als klantidentificatie<\/td>\n<\/tr>\n<tr>\n<td width=\"226\">_gat = Google Universal Analytics<\/td>\n<td width=\"104\">1 minuut<\/p>\n<\/td>\n<td width=\"274\">Verminder het aantal verzoeken<\/td>\n<\/tr>\n<tr>\n<td width=\"226\">_gid = Google Universal Analytics<\/td>\n<td width=\"104\">24 uur<\/td>\n<td width=\"274\">Een unieke waarde voor elke bezochte pagina opslaan en bijwerken<\/td>\n<\/tr>\n<\/tbody>\n<\/table>\n<p>&nbsp;<\/p>\n<p>&nbsp;<\/p>\n<p><strong>Hoe kan ik zien welke cookies op mijn apparaat zijn ge\u00efnstalleerd en hoe kan ik ze verwijderen?<\/strong><\/p>\n<p>Als u wilt weten welke cookies op uw apparaat zijn ge\u00efnstalleerd of als u ze wilt verwijderen, kunt u een instelling in uw browser gebruiken. Meer informatie over hoe u dit kunt doen, vindt u in de onderstaande links. <\/p>\n<p>&nbsp;<\/p>\n<table>\n<tbody>\n<tr>\n<td width=\"151\"><strong>Firefox<\/strong><\/td>\n<td width=\"151\"><strong>Chrome<\/strong><\/td>\n<td width=\"151\"><strong>Safari<\/strong><\/td>\n<td width=\"151\"><strong>Internet Explorer<\/strong><\/td>\n<\/tr>\n<tr>\n<td width=\"151\"><a href=\"https:\/\/support.mozilla.org\/fr\/kb\/cookies-informations-sites-enregistrent\">Firefox<\/a><\/td>\n<td width=\"151\"><a href=\"https:\/\/support.google.com\/chrome\/answer\/95647?hl=fr\">Chrome<\/a><\/td>\n<td width=\"151\"><a href=\"https:\/\/support.apple.com\/fr-be\/guide\/safari\/sfri11471\/mac\">Safari<\/a><\/td>\n<td width=\"151\"><a href=\"https:\/\/support.microsoft.com\/fr-fr\/topic\/supprimer-et-g%C3%A9rer-les-cookies-168dab11-0753-043d-7c16-ede5947fc64d\">Internet Explorer<\/a><\/td>\n<\/tr>\n<tr>\n<td width=\"151\">Firefox (mobiel)<\/td>\n<td width=\"151\"><a href=\"https:\/\/support.google.com\/chrome\/answer\/95647?hl=fr&amp;co=GENIE.Platform%3DAndroid&amp;oco=1\">Chrome (mobiel)<\/a><\/td>\n<td width=\"151\"><a href=\"https:\/\/support.apple.com\/fr-be\/HT201265\">Safari (mobiel)<\/a><\/td>\n<td width=\"151\"><a href=\"https:\/\/support.microsoft.com\/fr-fr\/microsoft-edge\/supprimer-les-cookies-dans-microsoft-edge-63947406-40ac-c3b8-57b9-2a946a29ae09\">Microsoft Edge<\/a><\/td>\n<\/tr>\n<\/tbody>\n<\/table>\n<p>&nbsp;<\/p>\n<p>Gebruik je een andere browser? Controleer of de procedure voor jouw browser is opgenomen op de website <a href=\"http:\/\/www.allaboutcookies.org\/manage-cookies\">www.allaboutcookies.org\/manage-cookies.<\/a> Deze site is alleen beschikbaar in het Engels.  <\/p>\n<p>&nbsp;<\/p>\n<h4>1.2.2. Externe links<\/h4>\n<p>&nbsp;<\/p>\n<p>De willywaller.com website vermeldt externe links om bepaalde informatie te documenteren. Het activeren van deze links is de verantwoordelijkheid van de gebruiker. Wij raden u echter aan de privacyverklaring en het cookiebeleid van de betreffende site te raadplegen.  <\/p>\n<p>&nbsp;<\/p>\n<h4>1.2.3. Nieuwsbrief<\/h4>\n<p>We verwerken deze persoonlijke gegevens om de veiligheid (van informatie) en goede werking van onze organisatie te garanderen.<\/p>\n<p>&nbsp;<\/p>\n<table>\n<tbody>\n<tr>\n<td width=\"170\"><strong>Welke persoonlijke gegevens?<\/strong><\/td>\n<td width=\"151\"><strong>Hoe hebben we deze gegevens verkregen?<\/strong><\/td>\n<td width=\"132\"><strong>Voor hoe lang?<\/strong><\/td>\n<td width=\"151\"><strong>Met wie worden deze gegevens gedeeld?<\/strong><\/td>\n<\/tr>\n<tr>\n<td width=\"170\">Identificatie- en contactgegevens<\/p>\n<\/td>\n<td width=\"151\">Rechtstreeks van de betrokkene<\/td>\n<td width=\"132\">Totdat de toestemming wordt ingetrokken<\/p>\n<\/td>\n<td width=\"151\">Onderaannemers die onze ICT-infrastructuur onderhouden, indien hun tussenkomst dit vereist<\/td>\n<\/tr>\n<\/tbody>\n<\/table>\n<p>&nbsp;<\/p>\n<p>Op voorwaarde dat je vooraf je uitdrukkelijke toestemming hebt gegeven, mogen we je nieuwsbrieven per e-mail sturen. Als je onze nieuwsbrieven echter niet meer wilt ontvangen, kun je je altijd afmelden via de daarvoor bestemde afmeldmogelijkheid. <\/p>\n<p>&nbsp;<\/p>\n<h2>2. Uw rechten en hoe u deze kunt uitoefenen<\/h2>\n<p>&nbsp;<\/p>\n<p>Als u een klacht, vraag of probleem hebt over de manier waarop wij uw persoonlijke gegevens gebruiken, neem dan contact met ons op.<\/p>\n<p>&nbsp;<\/p>\n<p>willywaller.com<br \/>\nRue du paradis 69, 5100 jambes<\/p>\n<p>benny@willywaller.com<\/p>\n<p>Als u contact met ons opneemt om uw rechten uit te oefenen, krijgt u binnen 1 maand antwoord. Bij uitzondering kan deze periode worden verlengd (tot maximaal 3 maanden), maar dan geven we je binnen 1 maand de reden. Of u uw rechten al dan niet kunt uitoefenen, hangt af van de verwerking en de rechtsgrondslag.  <\/p>\n<p>&nbsp;<\/p>\n<p>Zorg ervoor dat u altijd duidelijk aangeeft van welk recht u gebruik wilt maken en hoe u de informatie wilt ontvangen (bijv. per e-mail, per post, mondeling, enz.). Houd er rekening mee dat we in sommige gevallen aanvullende informatie nodig kunnen hebben. We willen er zeker van zijn dat we de juiste persoon helpen.  <\/p>\n<p>&nbsp;<\/p>\n<h3>2.1. Recht op toegang<\/h3>\n<p>U hebt het recht om ons te vragen naar de persoonlijke gegevens die wij over u bewaren. Wij kunnen u kosteloos een kopie verstrekken, maar dit is niet voor alle documenten mogelijk. We willen ook de rechten en vrijheden van anderen respecteren.  <\/p>\n<p>&nbsp;<\/p>\n<h3>2.2. Recht op correctie<\/h3>\n<p>Denkt u dat uw gegevens onjuist of verouderd zijn? Je hebt het recht om ons te vragen deze te corrigeren. <\/p>\n<p>&nbsp;<\/p>\n<h3>2.3. Recht op bezwaar<\/h3>\n<p>U hebt het recht om ons te vragen om te stoppen met de verwerking van uw persoonlijke gegevens.<\/p>\n<p>&nbsp;<\/p>\n<h3>2.4. Recht op beperking van de verwerking<\/h3>\n<p>U kunt ons vragen om de verwerking van uw persoonlijke gegevens te beperken, bijvoorbeeld wanneer we de juistheid van uw persoonlijke gegevens controleren.<\/p>\n<p>&nbsp;<\/p>\n<h3>2.5. Recht om vergeten of verwijderd te worden<\/h3>\n<p>U hebt het recht ons te vragen uw persoonlijke gegevens te verwijderen. Als we echter wettelijk verplicht zijn om bepaalde persoonlijke gegevens te bewaren, kunnen we niet aan dit verzoek voldoen. <\/p>\n<p>&nbsp;<\/p>\n<h3>2.6. Recht om uw toestemming in te trekken<\/h3>\n<p>Wanneer de verwerking van persoonsgegevens is gebaseerd op uw toestemming, kan deze toestemming worden ingetrokken.<\/p>\n<p>&nbsp;<\/p>\n<h3>2.7. Recht om een klacht in te dienen bij de toezichthoudende autoriteit<\/h3>\n<p>Als u van mening bent dat de verwerking van uw persoonlijke gegevens in strijd is met de Europese Verordening Gegevensbescherming, hebt u het recht om een klacht in te dienen bij een toezichthoudende autoriteit.<\/p>\n<p>&nbsp;<\/p>\n<p>Gegevensbeschermingsautoriteit<\/p>\n<p>Rue de la Presse, 35<\/p>\n<p>1000 Brussel<\/p>\n<p>&nbsp;<\/p>\n<h2>3. Toepassingsgebied van het vertrouwelijkheidshandvest<\/h2>\n<p>&nbsp;<\/p>\n<p>Tenzij anders aangegeven, is dit Privacybeleid bedoeld om van toepassing te zijn op alle willywaller.com websites, applicaties, tools, enz. en op alle diensten die door ons worden aangeboden en waarnaar hierin expliciet wordt verwezen.<\/p>\n<p>&nbsp;<\/p>\n<p>Houd er rekening mee dat ons vertrouwelijkheidshandvest na verloop van tijd kan veranderen. Wijzigingen zijn direct van toepassing zodra ze worden gepubliceerd. Daarom nodigen we je uit om het regelmatig te raadplegen.  <\/p>\n<p>&nbsp;<\/p>\n<p>Behalve wanneer dit wettelijk vereist is of in gevallen waarin de openbaarmaking van uw gegevens noodzakelijk is om uw verzoek te verwerken of onze taken uit te voeren zoals beschreven in punt 3 (openbaarmaking aan overheidsinstanties, openbaarmaking aan onze onderaannemers, enz. Wanneer we uw gegevens aan andere entiteiten doorgeven, zorgen we er bovendien altijd voor dat we alleen de persoonsgegevens bekendmaken die strikt noodzakelijk zijn om het doel van de verwerking te bereiken dat u betreft. <\/p>\n","protected":false},"excerpt":{"rendered":"<p>Verklaring gegevensbescherming &nbsp; 1. Waarom verwerken wij uw persoonlijke gegevens? &nbsp; 1.1. Verspreiding en verzameling van informatie en verwerking van dossiers &nbsp; 1.1.1 Vragen beantwoorden via het contactformulier &nbsp; We verwerken deze persoonlijke gegevens om de veiligheid (van informatie) en goede werking van onze organisatie te garanderen. &nbsp; Welke persoonlijke gegevens? Hoe hebben we deze [&hellip;]<\/p>\n","protected":false},"author":3,"featured_media":0,"parent":0,"menu_order":101,"comment_status":"closed","ping_status":"closed","template":"","meta":{"_et_pb_use_builder":"off","_et_pb_old_content":"","_et_gb_content_width":"","footnotes":""},"class_list":["post-1432","page","type-page","status-publish","hentry"],"yoast_head":"<!-- This site is optimized with the Yoast SEO plugin v27.4 - https:\/\/yoast.com\/product\/yoast-seo-wordpress\/ -->\n<title>Privacybeleid - Baby Showers<\/title>\n<meta name=\"robots\" content=\"index, follow, max-snippet:-1, max-image-preview:large, max-video-preview:-1\" \/>\n<link rel=\"canonical\" href=\"https:\/\/www.babyshowers.be\/nl\/privacybeleid\/\" \/>\n<meta property=\"og:locale\" content=\"nl_NL\" \/>\n<meta property=\"og:type\" content=\"article\" \/>\n<meta property=\"og:title\" content=\"Privacybeleid - Baby Showers\" \/>\n<meta property=\"og:description\" content=\"Verklaring gegevensbescherming &nbsp; 1. Waarom verwerken wij uw persoonlijke gegevens? &nbsp; 1.1. Verspreiding en verzameling van informatie en verwerking van dossiers &nbsp; 1.1.1 Vragen beantwoorden via het contactformulier &nbsp; We verwerken deze persoonlijke gegevens om de veiligheid (van informatie) en goede werking van onze organisatie te garanderen. &nbsp; Welke persoonlijke gegevens? Hoe hebben we deze [&hellip;]\" \/>\n<meta property=\"og:url\" content=\"https:\/\/www.babyshowers.be\/nl\/privacybeleid\/\" \/>\n<meta property=\"og:site_name\" content=\"Baby Showers\" \/>\n<meta name=\"twitter:card\" content=\"summary_large_image\" \/>\n<meta name=\"twitter:label1\" content=\"Geschatte leestijd\" \/>\n\t<meta name=\"twitter:data1\" content=\"8 minuten\" \/>\n<script type=\"application\/ld+json\" class=\"yoast-schema-graph\">{\"@context\":\"https:\\\/\\\/schema.org\",\"@graph\":[{\"@type\":\"WebPage\",\"@id\":\"https:\\\/\\\/www.babyshowers.be\\\/nl\\\/privacybeleid\\\/\",\"url\":\"https:\\\/\\\/www.babyshowers.be\\\/nl\\\/privacybeleid\\\/\",\"name\":\"Privacybeleid - Baby Showers\",\"isPartOf\":{\"@id\":\"https:\\\/\\\/www.babyshowers.be\\\/nl\\\/#website\"},\"datePublished\":\"2022-09-28T12:00:38+00:00\",\"breadcrumb\":{\"@id\":\"https:\\\/\\\/www.babyshowers.be\\\/nl\\\/privacybeleid\\\/#breadcrumb\"},\"inLanguage\":\"nl-NL\",\"potentialAction\":[{\"@type\":\"ReadAction\",\"target\":[\"https:\\\/\\\/www.babyshowers.be\\\/nl\\\/privacybeleid\\\/\"]}]},{\"@type\":\"BreadcrumbList\",\"@id\":\"https:\\\/\\\/www.babyshowers.be\\\/nl\\\/privacybeleid\\\/#breadcrumb\",\"itemListElement\":[{\"@type\":\"ListItem\",\"position\":1,\"name\":\"Accueil\",\"item\":\"https:\\\/\\\/www.babyshowers.be\\\/nl\\\/\"},{\"@type\":\"ListItem\",\"position\":2,\"name\":\"Privacybeleid\"}]},{\"@type\":\"WebSite\",\"@id\":\"https:\\\/\\\/www.babyshowers.be\\\/nl\\\/#website\",\"url\":\"https:\\\/\\\/www.babyshowers.be\\\/nl\\\/\",\"name\":\"Baby Showers\",\"description\":\"Plein de bonnes id\u00e9es pour une baby shower r\u00e9ussie\",\"publisher\":{\"@id\":\"https:\\\/\\\/www.babyshowers.be\\\/nl\\\/#organization\"},\"potentialAction\":[{\"@type\":\"SearchAction\",\"target\":{\"@type\":\"EntryPoint\",\"urlTemplate\":\"https:\\\/\\\/www.babyshowers.be\\\/nl\\\/?s={search_term_string}\"},\"query-input\":{\"@type\":\"PropertyValueSpecification\",\"valueRequired\":true,\"valueName\":\"search_term_string\"}}],\"inLanguage\":\"nl-NL\"},{\"@type\":\"Organization\",\"@id\":\"https:\\\/\\\/www.babyshowers.be\\\/nl\\\/#organization\",\"name\":\"Baby Showers\",\"url\":\"https:\\\/\\\/www.babyshowers.be\\\/nl\\\/\",\"logo\":{\"@type\":\"ImageObject\",\"inLanguage\":\"nl-NL\",\"@id\":\"https:\\\/\\\/www.babyshowers.be\\\/nl\\\/#\\\/schema\\\/logo\\\/image\\\/\",\"url\":\"https:\\\/\\\/www.babyshowers.be\\\/wp-content\\\/uploads\\\/2022\\\/09\\\/spices.webp\",\"contentUrl\":\"https:\\\/\\\/www.babyshowers.be\\\/wp-content\\\/uploads\\\/2022\\\/09\\\/spices.webp\",\"width\":1600,\"height\":1067,\"caption\":\"Baby Showers\"},\"image\":{\"@id\":\"https:\\\/\\\/www.babyshowers.be\\\/nl\\\/#\\\/schema\\\/logo\\\/image\\\/\"}}]}<\/script>\n<!-- \/ Yoast SEO plugin. -->","yoast_head_json":{"title":"Privacybeleid - Baby Showers","robots":{"index":"index","follow":"follow","max-snippet":"max-snippet:-1","max-image-preview":"max-image-preview:large","max-video-preview":"max-video-preview:-1"},"canonical":"https:\/\/www.babyshowers.be\/nl\/privacybeleid\/","og_locale":"nl_NL","og_type":"article","og_title":"Privacybeleid - Baby Showers","og_description":"Verklaring gegevensbescherming &nbsp; 1. Waarom verwerken wij uw persoonlijke gegevens? &nbsp; 1.1. Verspreiding en verzameling van informatie en verwerking van dossiers &nbsp; 1.1.1 Vragen beantwoorden via het contactformulier &nbsp; We verwerken deze persoonlijke gegevens om de veiligheid (van informatie) en goede werking van onze organisatie te garanderen. &nbsp; Welke persoonlijke gegevens? Hoe hebben we deze [&hellip;]","og_url":"https:\/\/www.babyshowers.be\/nl\/privacybeleid\/","og_site_name":"Baby Showers","twitter_card":"summary_large_image","twitter_misc":{"Geschatte leestijd":"8 minuten"},"schema":{"@context":"https:\/\/schema.org","@graph":[{"@type":"WebPage","@id":"https:\/\/www.babyshowers.be\/nl\/privacybeleid\/","url":"https:\/\/www.babyshowers.be\/nl\/privacybeleid\/","name":"Privacybeleid - Baby Showers","isPartOf":{"@id":"https:\/\/www.babyshowers.be\/nl\/#website"},"datePublished":"2022-09-28T12:00:38+00:00","breadcrumb":{"@id":"https:\/\/www.babyshowers.be\/nl\/privacybeleid\/#breadcrumb"},"inLanguage":"nl-NL","potentialAction":[{"@type":"ReadAction","target":["https:\/\/www.babyshowers.be\/nl\/privacybeleid\/"]}]},{"@type":"BreadcrumbList","@id":"https:\/\/www.babyshowers.be\/nl\/privacybeleid\/#breadcrumb","itemListElement":[{"@type":"ListItem","position":1,"name":"Accueil","item":"https:\/\/www.babyshowers.be\/nl\/"},{"@type":"ListItem","position":2,"name":"Privacybeleid"}]},{"@type":"WebSite","@id":"https:\/\/www.babyshowers.be\/nl\/#website","url":"https:\/\/www.babyshowers.be\/nl\/","name":"Baby Showers","description":"Plein de bonnes id\u00e9es pour une baby shower r\u00e9ussie","publisher":{"@id":"https:\/\/www.babyshowers.be\/nl\/#organization"},"potentialAction":[{"@type":"SearchAction","target":{"@type":"EntryPoint","urlTemplate":"https:\/\/www.babyshowers.be\/nl\/?s={search_term_string}"},"query-input":{"@type":"PropertyValueSpecification","valueRequired":true,"valueName":"search_term_string"}}],"inLanguage":"nl-NL"},{"@type":"Organization","@id":"https:\/\/www.babyshowers.be\/nl\/#organization","name":"Baby Showers","url":"https:\/\/www.babyshowers.be\/nl\/","logo":{"@type":"ImageObject","inLanguage":"nl-NL","@id":"https:\/\/www.babyshowers.be\/nl\/#\/schema\/logo\/image\/","url":"https:\/\/www.babyshowers.be\/wp-content\/uploads\/2022\/09\/spices.webp","contentUrl":"https:\/\/www.babyshowers.be\/wp-content\/uploads\/2022\/09\/spices.webp","width":1600,"height":1067,"caption":"Baby Showers"},"image":{"@id":"https:\/\/www.babyshowers.be\/nl\/#\/schema\/logo\/image\/"}}]}},"jetpack_sharing_enabled":true,"jetpack-related-posts":[{"id":1448,"url":"https:\/\/www.babyshowers.be\/nl\/juridische-informatie\/","url_meta":{"origin":1432,"position":0},"title":"Juridische informatie","author":"james","date":"28 september 2022","format":false,"excerpt":"WIE ZIJN WE https:\/\/the-internet-corporation.com\/ Beheer website \u00a0 Missie Informatie verstrekken op het internet \u00a0 Neem contact op met info@-the-internet-corporation.com \u00a0 https:\/\/the-internet-corporation.com\/ verbindt zich ertoe de geldende wetgeving in Belgi\u00eb en Europa na te leven en stelt alles in het werk om elk ongeoorloofd of onwettig gebruik van uw persoonsgegevens te\u2026","rel":"","context":"Soortgelijk bericht","block_context":{"text":"Soortgelijk bericht","link":""},"img":{"alt_text":"","src":"","width":0,"height":0},"classes":[]},{"id":1429,"url":"https:\/\/www.babyshowers.be\/nl\/","url_meta":{"origin":1432,"position":1},"title":"Home","author":"admin","date":"21 september 2022","format":false,"excerpt":"[et_pb_row column_structure=\"2_5,3_5\" make_equal=\"on\" custom_padding_last_edited=\"on|phone\" _builder_version=\"4.18.0\" _module_preset=\"default\" custom_margin=\"||||false|false\" custom_padding=\"||||false|false\"\u2026","rel":"","context":"Soortgelijk bericht","block_context":{"text":"Soortgelijk bericht","link":""},"img":{"alt_text":"","src":"https:\/\/i0.wp.com\/www.babyshowers.be\/wp-content\/uploads\/2025\/04\/deco-baby-shower-rose-et-bleu.jpg?resize=350%2C200&ssl=1","width":350,"height":200,"srcset":"https:\/\/i0.wp.com\/www.babyshowers.be\/wp-content\/uploads\/2025\/04\/deco-baby-shower-rose-et-bleu.jpg?resize=350%2C200&ssl=1 1x, https:\/\/i0.wp.com\/www.babyshowers.be\/wp-content\/uploads\/2025\/04\/deco-baby-shower-rose-et-bleu.jpg?resize=525%2C300&ssl=1 1.5x, https:\/\/i0.wp.com\/www.babyshowers.be\/wp-content\/uploads\/2025\/04\/deco-baby-shower-rose-et-bleu.jpg?resize=700%2C400&ssl=1 2x"},"classes":[]},{"id":1766,"url":"https:\/\/www.babyshowers.be\/nl\/over-ons\/","url_meta":{"origin":1432,"position":2},"title":"Over ons","author":"Carine de R\u00e9dime","date":"26 augustus 2025","format":false,"excerpt":"Carine de R\u00e9dime heeft een passie voor evenementen en cadeau-idee\u00ebn. Ze is gespecialiseerd in het organiseren van babyshowers en het vinden van originele cadeaus. Met haar jarenlange ervaring in de evenementenbranche combineert Carine haar expertise\u2026","rel":"","context":"Soortgelijk bericht","block_context":{"text":"Soortgelijk bericht","link":""},"img":{"alt_text":"","src":"","width":0,"height":0},"classes":[]},{"id":1422,"url":"https:\/\/www.babyshowers.be\/nl\/bevestiging\/","url_meta":{"origin":1432,"position":3},"title":"Bevestiging","author":"james","date":"28 september 2022","format":false,"excerpt":"","rel":"","context":"Soortgelijk bericht","block_context":{"text":"Soortgelijk bericht","link":""},"img":{"alt_text":"","src":"","width":0,"height":0},"classes":[]}],"_links":{"self":[{"href":"https:\/\/www.babyshowers.be\/nl\/wp-json\/wp\/v2\/pages\/1432","targetHints":{"allow":["GET"]}}],"collection":[{"href":"https:\/\/www.babyshowers.be\/nl\/wp-json\/wp\/v2\/pages"}],"about":[{"href":"https:\/\/www.babyshowers.be\/nl\/wp-json\/wp\/v2\/types\/page"}],"author":[{"embeddable":true,"href":"https:\/\/www.babyshowers.be\/nl\/wp-json\/wp\/v2\/users\/3"}],"replies":[{"embeddable":true,"href":"https:\/\/www.babyshowers.be\/nl\/wp-json\/wp\/v2\/comments?post=1432"}],"version-history":[{"count":0,"href":"https:\/\/www.babyshowers.be\/nl\/wp-json\/wp\/v2\/pages\/1432\/revisions"}],"wp:attachment":[{"href":"https:\/\/www.babyshowers.be\/nl\/wp-json\/wp\/v2\/media?parent=1432"}],"curies":[{"name":"wp","href":"https:\/\/api.w.org\/{rel}","templated":true}]}}