{"id":1448,"date":"2022-09-28T13:49:52","date_gmt":"2022-09-28T11:49:52","guid":{"rendered":"https:\/\/www.babyshowers.be\/juridische-informatie\/"},"modified":"2022-09-28T13:49:52","modified_gmt":"2022-09-28T11:49:52","slug":"juridische-informatie","status":"publish","type":"page","link":"https:\/\/www.babyshowers.be\/nl\/juridische-informatie\/","title":{"rendered":"Juridische informatie"},"content":{"rendered":"<h2>WIE ZIJN WE<\/h2>\n<blockquote class=\"wp-embedded-content\" data-secret=\"YdUxUIftYw\"><p><a href=\"https:\/\/the-internet-corporation.com\/\">Accueil<\/a><\/p><\/blockquote>\n<p><iframe loading=\"lazy\" class=\"wp-embedded-content\" sandbox=\"allow-scripts\" security=\"restricted\" style=\"position: absolute; visibility: hidden;\" title=\"\u00ab\u00a0Accueil\u00a0\u00bb &#8212; The internet corporation\" src=\"https:\/\/the-internet-corporation.com\/embed\/#?secret=xeHZ3bMbuO#?secret=YdUxUIftYw\" data-secret=\"YdUxUIftYw\" width=\"600\" height=\"338\" frameborder=\"0\" marginwidth=\"0\" marginheight=\"0\" scrolling=\"no\"><\/iframe><\/p>\n<p>Beheer website<\/p>\n<p>&nbsp;<\/p>\n<p><strong>Missie<\/strong><\/p>\n<p>Informatie verstrekken op het internet<\/p>\n<p>&nbsp;<\/p>\n<p><strong>Neem contact op met<\/strong><\/p>\n<p>info@-the-internet-corporation.com<\/p>\n<p>&nbsp;<\/p>\n<p>https:\/\/the-internet-corporation.com\/ verbindt zich ertoe de geldende wetgeving in Belgi\u00eb en Europa na te leven en stelt alles in het werk om elk ongeoorloofd of onwettig gebruik van uw persoonsgegevens te voorkomen. Hiertoe gebruiken we gepaste procedures en systemen om ervoor te zorgen dat alleen bevoegde personen toegang hebben tot uw gegevens. We willen u er ook aan herinneren dat deze personen bij de uitoefening van hun functie gebonden zijn door een geheimhoudingsplicht.  <\/p>\n","protected":false},"excerpt":{"rendered":"<p>WIE ZIJN WE Accueil Beheer website &nbsp; Missie Informatie verstrekken op het internet &nbsp; Neem contact op met info@-the-internet-corporation.com &nbsp; https:\/\/the-internet-corporation.com\/ verbindt zich ertoe de geldende wetgeving in Belgi\u00eb en Europa na te leven en stelt alles in het werk om elk ongeoorloofd of onwettig gebruik van uw persoonsgegevens te voorkomen. Hiertoe gebruiken we gepaste [&hellip;]<\/p>\n","protected":false},"author":3,"featured_media":0,"parent":0,"menu_order":100,"comment_status":"closed","ping_status":"closed","template":"","meta":{"_et_pb_use_builder":"","_et_pb_old_content":"","_et_gb_content_width":"","footnotes":""},"class_list":["post-1448","page","type-page","status-publish","hentry"],"yoast_head":"<!-- This site is optimized with the Yoast SEO plugin v27.4 - https:\/\/yoast.com\/product\/yoast-seo-wordpress\/ -->\n<title>Juridische informatie - Baby Showers<\/title>\n<meta name=\"robots\" content=\"index, follow, max-snippet:-1, max-image-preview:large, max-video-preview:-1\" \/>\n<link rel=\"canonical\" href=\"https:\/\/www.babyshowers.be\/nl\/juridische-informatie\/\" \/>\n<meta property=\"og:locale\" content=\"nl_NL\" \/>\n<meta property=\"og:type\" content=\"article\" \/>\n<meta property=\"og:title\" content=\"Juridische informatie - Baby Showers\" \/>\n<meta property=\"og:description\" content=\"WIE ZIJN WE Accueil Beheer website &nbsp; Missie Informatie verstrekken op het internet &nbsp; Neem contact op met info@-the-internet-corporation.com &nbsp; https:\/\/the-internet-corporation.com\/ verbindt zich ertoe de geldende wetgeving in Belgi\u00eb en Europa na te leven en stelt alles in het werk om elk ongeoorloofd of onwettig gebruik van uw persoonsgegevens te voorkomen. Hiertoe gebruiken we gepaste [&hellip;]\" \/>\n<meta property=\"og:url\" content=\"https:\/\/www.babyshowers.be\/nl\/juridische-informatie\/\" \/>\n<meta property=\"og:site_name\" content=\"Baby Showers\" \/>\n<meta name=\"twitter:card\" content=\"summary_large_image\" \/>\n<script type=\"application\/ld+json\" class=\"yoast-schema-graph\">{\"@context\":\"https:\\\/\\\/schema.org\",\"@graph\":[{\"@type\":\"WebPage\",\"@id\":\"https:\\\/\\\/www.babyshowers.be\\\/nl\\\/juridische-informatie\\\/\",\"url\":\"https:\\\/\\\/www.babyshowers.be\\\/nl\\\/juridische-informatie\\\/\",\"name\":\"Juridische informatie - Baby Showers\",\"isPartOf\":{\"@id\":\"https:\\\/\\\/www.babyshowers.be\\\/nl\\\/#website\"},\"datePublished\":\"2022-09-28T11:49:52+00:00\",\"breadcrumb\":{\"@id\":\"https:\\\/\\\/www.babyshowers.be\\\/nl\\\/juridische-informatie\\\/#breadcrumb\"},\"inLanguage\":\"nl-NL\",\"potentialAction\":[{\"@type\":\"ReadAction\",\"target\":[\"https:\\\/\\\/www.babyshowers.be\\\/nl\\\/juridische-informatie\\\/\"]}]},{\"@type\":\"BreadcrumbList\",\"@id\":\"https:\\\/\\\/www.babyshowers.be\\\/nl\\\/juridische-informatie\\\/#breadcrumb\",\"itemListElement\":[{\"@type\":\"ListItem\",\"position\":1,\"name\":\"Accueil\",\"item\":\"https:\\\/\\\/www.babyshowers.be\\\/nl\\\/\"},{\"@type\":\"ListItem\",\"position\":2,\"name\":\"Juridische informatie\"}]},{\"@type\":\"WebSite\",\"@id\":\"https:\\\/\\\/www.babyshowers.be\\\/nl\\\/#website\",\"url\":\"https:\\\/\\\/www.babyshowers.be\\\/nl\\\/\",\"name\":\"Baby Showers\",\"description\":\"Plein de bonnes id\u00e9es pour une baby shower r\u00e9ussie\",\"publisher\":{\"@id\":\"https:\\\/\\\/www.babyshowers.be\\\/nl\\\/#organization\"},\"potentialAction\":[{\"@type\":\"SearchAction\",\"target\":{\"@type\":\"EntryPoint\",\"urlTemplate\":\"https:\\\/\\\/www.babyshowers.be\\\/nl\\\/?s={search_term_string}\"},\"query-input\":{\"@type\":\"PropertyValueSpecification\",\"valueRequired\":true,\"valueName\":\"search_term_string\"}}],\"inLanguage\":\"nl-NL\"},{\"@type\":\"Organization\",\"@id\":\"https:\\\/\\\/www.babyshowers.be\\\/nl\\\/#organization\",\"name\":\"Baby Showers\",\"url\":\"https:\\\/\\\/www.babyshowers.be\\\/nl\\\/\",\"logo\":{\"@type\":\"ImageObject\",\"inLanguage\":\"nl-NL\",\"@id\":\"https:\\\/\\\/www.babyshowers.be\\\/nl\\\/#\\\/schema\\\/logo\\\/image\\\/\",\"url\":\"https:\\\/\\\/www.babyshowers.be\\\/wp-content\\\/uploads\\\/2022\\\/09\\\/spices.webp\",\"contentUrl\":\"https:\\\/\\\/www.babyshowers.be\\\/wp-content\\\/uploads\\\/2022\\\/09\\\/spices.webp\",\"width\":1600,\"height\":1067,\"caption\":\"Baby Showers\"},\"image\":{\"@id\":\"https:\\\/\\\/www.babyshowers.be\\\/nl\\\/#\\\/schema\\\/logo\\\/image\\\/\"}}]}<\/script>\n<!-- \/ Yoast SEO plugin. -->","yoast_head_json":{"title":"Juridische informatie - Baby Showers","robots":{"index":"index","follow":"follow","max-snippet":"max-snippet:-1","max-image-preview":"max-image-preview:large","max-video-preview":"max-video-preview:-1"},"canonical":"https:\/\/www.babyshowers.be\/nl\/juridische-informatie\/","og_locale":"nl_NL","og_type":"article","og_title":"Juridische informatie - Baby Showers","og_description":"WIE ZIJN WE Accueil Beheer website &nbsp; Missie Informatie verstrekken op het internet &nbsp; Neem contact op met info@-the-internet-corporation.com &nbsp; https:\/\/the-internet-corporation.com\/ verbindt zich ertoe de geldende wetgeving in Belgi\u00eb en Europa na te leven en stelt alles in het werk om elk ongeoorloofd of onwettig gebruik van uw persoonsgegevens te voorkomen. Hiertoe gebruiken we gepaste [&hellip;]","og_url":"https:\/\/www.babyshowers.be\/nl\/juridische-informatie\/","og_site_name":"Baby Showers","twitter_card":"summary_large_image","schema":{"@context":"https:\/\/schema.org","@graph":[{"@type":"WebPage","@id":"https:\/\/www.babyshowers.be\/nl\/juridische-informatie\/","url":"https:\/\/www.babyshowers.be\/nl\/juridische-informatie\/","name":"Juridische informatie - Baby Showers","isPartOf":{"@id":"https:\/\/www.babyshowers.be\/nl\/#website"},"datePublished":"2022-09-28T11:49:52+00:00","breadcrumb":{"@id":"https:\/\/www.babyshowers.be\/nl\/juridische-informatie\/#breadcrumb"},"inLanguage":"nl-NL","potentialAction":[{"@type":"ReadAction","target":["https:\/\/www.babyshowers.be\/nl\/juridische-informatie\/"]}]},{"@type":"BreadcrumbList","@id":"https:\/\/www.babyshowers.be\/nl\/juridische-informatie\/#breadcrumb","itemListElement":[{"@type":"ListItem","position":1,"name":"Accueil","item":"https:\/\/www.babyshowers.be\/nl\/"},{"@type":"ListItem","position":2,"name":"Juridische informatie"}]},{"@type":"WebSite","@id":"https:\/\/www.babyshowers.be\/nl\/#website","url":"https:\/\/www.babyshowers.be\/nl\/","name":"Baby Showers","description":"Plein de bonnes id\u00e9es pour une baby shower r\u00e9ussie","publisher":{"@id":"https:\/\/www.babyshowers.be\/nl\/#organization"},"potentialAction":[{"@type":"SearchAction","target":{"@type":"EntryPoint","urlTemplate":"https:\/\/www.babyshowers.be\/nl\/?s={search_term_string}"},"query-input":{"@type":"PropertyValueSpecification","valueRequired":true,"valueName":"search_term_string"}}],"inLanguage":"nl-NL"},{"@type":"Organization","@id":"https:\/\/www.babyshowers.be\/nl\/#organization","name":"Baby Showers","url":"https:\/\/www.babyshowers.be\/nl\/","logo":{"@type":"ImageObject","inLanguage":"nl-NL","@id":"https:\/\/www.babyshowers.be\/nl\/#\/schema\/logo\/image\/","url":"https:\/\/www.babyshowers.be\/wp-content\/uploads\/2022\/09\/spices.webp","contentUrl":"https:\/\/www.babyshowers.be\/wp-content\/uploads\/2022\/09\/spices.webp","width":1600,"height":1067,"caption":"Baby Showers"},"image":{"@id":"https:\/\/www.babyshowers.be\/nl\/#\/schema\/logo\/image\/"}}]}},"jetpack_sharing_enabled":true,"jetpack-related-posts":[{"id":1432,"url":"https:\/\/www.babyshowers.be\/nl\/privacybeleid\/","url_meta":{"origin":1448,"position":0},"title":"Privacybeleid","author":"james","date":"28 september 2022","format":false,"excerpt":"Verklaring gegevensbescherming \u00a0 1. Waarom verwerken wij uw persoonlijke gegevens? \u00a0 1.1. Verspreiding en verzameling van informatie en verwerking van dossiers \u00a0 1.1.1 Vragen beantwoorden via het contactformulier \u00a0 We verwerken deze persoonlijke gegevens om de veiligheid (van informatie) en goede werking van onze organisatie te garanderen. \u00a0 Welke persoonlijke\u2026","rel":"","context":"Soortgelijk bericht","block_context":{"text":"Soortgelijk bericht","link":""},"img":{"alt_text":"","src":"","width":0,"height":0},"classes":[]},{"id":1429,"url":"https:\/\/www.babyshowers.be\/nl\/","url_meta":{"origin":1448,"position":1},"title":"Home","author":"admin","date":"21 september 2022","format":false,"excerpt":"[et_pb_row column_structure=\"2_5,3_5\" make_equal=\"on\" custom_padding_last_edited=\"on|phone\" _builder_version=\"4.18.0\" _module_preset=\"default\" custom_margin=\"||||false|false\" custom_padding=\"||||false|false\"\u2026","rel":"","context":"Soortgelijk bericht","block_context":{"text":"Soortgelijk bericht","link":""},"img":{"alt_text":"","src":"https:\/\/i0.wp.com\/www.babyshowers.be\/wp-content\/uploads\/2025\/04\/deco-baby-shower-rose-et-bleu.jpg?resize=350%2C200&ssl=1","width":350,"height":200,"srcset":"https:\/\/i0.wp.com\/www.babyshowers.be\/wp-content\/uploads\/2025\/04\/deco-baby-shower-rose-et-bleu.jpg?resize=350%2C200&ssl=1 1x, https:\/\/i0.wp.com\/www.babyshowers.be\/wp-content\/uploads\/2025\/04\/deco-baby-shower-rose-et-bleu.jpg?resize=525%2C300&ssl=1 1.5x, https:\/\/i0.wp.com\/www.babyshowers.be\/wp-content\/uploads\/2025\/04\/deco-baby-shower-rose-et-bleu.jpg?resize=700%2C400&ssl=1 2x"},"classes":[]},{"id":1766,"url":"https:\/\/www.babyshowers.be\/nl\/over-ons\/","url_meta":{"origin":1448,"position":2},"title":"Over ons","author":"Carine de R\u00e9dime","date":"26 augustus 2025","format":false,"excerpt":"Carine de R\u00e9dime heeft een passie voor evenementen en cadeau-idee\u00ebn. Ze is gespecialiseerd in het organiseren van babyshowers en het vinden van originele cadeaus. Met haar jarenlange ervaring in de evenementenbranche combineert Carine haar expertise\u2026","rel":"","context":"Soortgelijk bericht","block_context":{"text":"Soortgelijk bericht","link":""},"img":{"alt_text":"","src":"","width":0,"height":0},"classes":[]},{"id":1422,"url":"https:\/\/www.babyshowers.be\/nl\/bevestiging\/","url_meta":{"origin":1448,"position":3},"title":"Bevestiging","author":"james","date":"28 september 2022","format":false,"excerpt":"","rel":"","context":"Soortgelijk bericht","block_context":{"text":"Soortgelijk bericht","link":""},"img":{"alt_text":"","src":"","width":0,"height":0},"classes":[]},{"id":356,"url":"https:\/\/www.babyshowers.be\/mentions-legales\/","url_meta":{"origin":1448,"position":4},"title":"Mentions l\u00e9gales","author":"james","date":"28 september 2022","format":false,"excerpt":"QUI SOMMES-NOUS ? https:\/\/the-internet-corporation.com\/ Gestion de site internet \u00a0 Mission Donner de l'information sur internet \u00a0 Contact info@-the-internet-corporation.com \u00a0 https:\/\/the-internet-corporation.com\/\u00a0s\u2019engage \u00e0 respecter la l\u00e9gislation en vigueur en Belgique et en Europe et met tout en \u0153uvre afin d\u2019emp\u00eacher tout usage non autoris\u00e9 ou illicite de vos donn\u00e9es personnelles. \u00c0 cette\u2026","rel":"","context":"Soortgelijk bericht","block_context":{"text":"Soortgelijk bericht","link":""},"img":{"alt_text":"","src":"","width":0,"height":0},"classes":[]},{"id":1442,"url":"https:\/\/www.babyshowers.be\/nl\/neem-contact-op-met\/","url_meta":{"origin":1448,"position":5},"title":"Neem contact op met","author":"james","date":"26 september 2022","format":false,"excerpt":"","rel":"","context":"Soortgelijk bericht","block_context":{"text":"Soortgelijk bericht","link":""},"img":{"alt_text":"","src":"","width":0,"height":0},"classes":[]}],"_links":{"self":[{"href":"https:\/\/www.babyshowers.be\/nl\/wp-json\/wp\/v2\/pages\/1448","targetHints":{"allow":["GET"]}}],"collection":[{"href":"https:\/\/www.babyshowers.be\/nl\/wp-json\/wp\/v2\/pages"}],"about":[{"href":"https:\/\/www.babyshowers.be\/nl\/wp-json\/wp\/v2\/types\/page"}],"author":[{"embeddable":true,"href":"https:\/\/www.babyshowers.be\/nl\/wp-json\/wp\/v2\/users\/3"}],"replies":[{"embeddable":true,"href":"https:\/\/www.babyshowers.be\/nl\/wp-json\/wp\/v2\/comments?post=1448"}],"version-history":[{"count":0,"href":"https:\/\/www.babyshowers.be\/nl\/wp-json\/wp\/v2\/pages\/1448\/revisions"}],"wp:attachment":[{"href":"https:\/\/www.babyshowers.be\/nl\/wp-json\/wp\/v2\/media?parent=1448"}],"curies":[{"name":"wp","href":"https:\/\/api.w.org\/{rel}","templated":true}]}}