{"id":1766,"date":"2025-08-26T17:20:18","date_gmt":"2025-08-26T15:20:18","guid":{"rendered":"https:\/\/www.babyshowers.be\/over-ons\/"},"modified":"2025-08-26T17:20:28","modified_gmt":"2025-08-26T15:20:28","slug":"over-ons","status":"publish","type":"page","link":"https:\/\/www.babyshowers.be\/nl\/over-ons\/","title":{"rendered":"Over ons"},"content":{"rendered":"<p>[et_pb_section fb_built=&#8221;1&#8243; _builder_version=&#8221;4.27.4&#8243; _module_preset=&#8221;default&#8221; global_colors_info=&#8221;{}&#8221;][et_pb_row column_structure=&#8221;2_3,1_3&#8243; _builder_version=&#8221;4.27.4&#8243; _module_preset=&#8221;default&#8221; global_colors_info=&#8221;{}&#8221;][et_pb_column type=&#8221;2_3&#8243; _builder_version=&#8221;4.27.4&#8243; _module_preset=&#8221;default&#8221; global_colors_info=&#8221;{}&#8221;][et_pb_text _builder_version=&#8221;4.27.4&#8243; _module_preset=&#8221;default&#8221; global_colors_info=&#8221;{}&#8221;]<\/p>\n<p data-start=\"101\" data-end=\"629\">Carine de R\u00e9dime <strong>heeft een passie voor evenementen en cadeau-idee\u00ebn<\/strong>. Ze is gespecialiseerd in het organiseren van babyshowers en het vinden van originele cadeaus. Met haar jarenlange ervaring in de evenementenbranche combineert Carine haar expertise in het <strong>cre\u00ebren van memorabele evenementen<\/strong> met een echte passie voor gepersonaliseerde en betekenisvolle <strong>geschenken<\/strong>. Ze is ook auteur voor de website &#8216;Id\u00e9es Cadeaux&#8217;, een platform dat lezers helpt bij het vinden van het perfecte cadeau voor alle leeftijden en gelegenheden.  <\/p>\n<p data-start=\"631\" data-end=\"1086\">Carine is afgestudeerd in evenementenmanagement aan de universiteit van Parijs en begon haar carri\u00e8re als evenementenorganisator voordat ze zich ging richten op babyshowers, een vakgebied waarin ze uitblinkt dankzij haar <strong>creatieve<\/strong> en zorgzame <strong>aanpak<\/strong>. In de loop der jaren heeft ze haar vaardigheden op het gebied van eventmanagement gecombineerd met haar passie voor cadeaus om praktische, ontroerende en soms zelfs verrassende idee\u00ebn te bedenken voor speciale momenten. <\/p>\n<p>[\/et_pb_text][et_pb_text _builder_version=&#8221;4.27.4&#8243; _module_preset=&#8221;default&#8221; global_colors_info=&#8221;{}&#8221;]<\/p>\n<p data-start=\"1088\" data-end=\"1699\">Als auteur deelt Carine haar advies op haar blog gewijd aan babyshowers, waar ze onderwerpen verkent vari\u00ebrend <strong>van decoratie tot creatieve spelletjes<\/strong>, maar ook originele <strong>cadeau-idee\u00ebn<\/strong> en <strong>geschikte recepten<\/strong>. Tegelijkertijd schrijft ze op &#8220;Id\u00e9es Cadeaux&#8221; artikelen om haar lezers te helpen bij het kiezen van de beste cadeaus voor alle gezinsleden: kinderen, ouders, stellen, mannen en vrouwen. Van de zoektocht naar babycadeaus tot cadeau-opties voor speciale gelegenheden, Claire biedt een zorgvuldige selectie van aanbevelingen voor elke behoefte en elk budget.  <\/p>\n<p data-start=\"1701\" data-end=\"2100\">Haar vermogen om deze twee werelden te combineren - het organiseren van evenementen en het vinden van cadeaus - stelt haar in staat om met <strong>innovatieve en inspirerende idee\u00ebn te<\/strong> komen, met name voor unieke en gedenkwaardige babyshowers. Carine streeft naar <strong>creatieve oplossingen<\/strong>, of het nu gaat om <strong>het kiezen van het perfecte cadeau<\/strong> of het ontwerpen van een warm en intiem evenement dat de smaak van de aanstaande ouders weerspiegelt. <\/p>\n<p data-start=\"2102\" data-end=\"2336\">Claire is altijd op zoek naar de nieuwste <strong>trends en innovaties<\/strong> en biedt ook <strong>milieuvriendelijke<\/strong> cadeau- en evenementopties, waarbij ze <strong>eco-verantwoorde keuzes<\/strong> voor elke gelegenheid benadrukt.<\/p>\n<p>[\/et_pb_text][\/et_pb_column][et_pb_column type=&#8221;1_3&#8243; _builder_version=&#8221;4.27.4&#8243; _module_preset=&#8221;default&#8221; global_colors_info=&#8221;{}&#8221;][et_pb_gallery gallery_ids=&#8221;1729&#8243; _builder_version=&#8221;4.27.4&#8243; _module_preset=&#8221;default&#8221; global_colors_info=&#8221;{}&#8221;][\/et_pb_gallery][\/et_pb_column][\/et_pb_row][\/et_pb_section]<\/p>\n","protected":false},"excerpt":{"rendered":"<p>Carine de R\u00e9dime heeft een passie voor evenementen en cadeau-idee\u00ebn. Ze is gespecialiseerd in het organiseren van babyshowers en het vinden van originele cadeaus. Met haar jarenlange ervaring in de evenementenbranche combineert Carine haar expertise in het cre\u00ebren van memorabele evenementen met een echte passie voor gepersonaliseerde en betekenisvolle geschenken. Ze is ook auteur voor de website &#8216;Id\u00e9es Cadeaux&#8217;, een platform dat lezers helpt bij het vinden van het perfecte cadeau voor alle leeftijden en gelegenheden. Carine is afgestudeerd in evenementenmanagement aan de universiteit van Parijs en begon haar carri\u00e8re als evenementenorganisator voordat ze zich ging richten op babyshowers, een vakgebied waarin ze uitblinkt dankzij haar creatieve en zorgzame aanpak. In de loop der jaren heeft ze haar vaardigheden op het gebied van eventmanagement gecombineerd met haar passie voor cadeaus om praktische, ontroerende en soms zelfs verrassende idee\u00ebn te bedenken voor speciale momenten. Als auteur deelt Carine haar advies op haar blog gewijd aan babyshowers, waar ze onderwerpen verkent vari\u00ebrend van decoratie tot creatieve spelletjes, maar ook originele cadeau-idee\u00ebn en geschikte recepten. Tegelijkertijd schrijft ze op &#8220;Id\u00e9es Cadeaux&#8221; artikelen om haar lezers te helpen bij het kiezen van de beste cadeaus voor alle gezinsleden: kinderen, ouders, stellen, mannen en vrouwen. [&hellip;]<\/p>\n","protected":false},"author":11,"featured_media":0,"parent":0,"menu_order":0,"comment_status":"closed","ping_status":"closed","template":"","meta":{"_et_pb_use_builder":"on","_et_pb_old_content":"","_et_gb_content_width":"","footnotes":""},"class_list":["post-1766","page","type-page","status-publish","hentry"],"yoast_head":"<!-- This site is optimized with the Yoast SEO plugin v27.4 - https:\/\/yoast.com\/product\/yoast-seo-wordpress\/ -->\n<title>Carine de R\u00e9dime , expert in babyshowers en cadeau-idee\u00ebn<\/title>\n<meta name=\"description\" content=\"Ontdek de tips van Carine de R\u00e9dime voor het organiseren van onvergetelijke babyshowers en het vinden van het perfecte cadeau.\" \/>\n<meta name=\"robots\" content=\"index, follow, max-snippet:-1, max-image-preview:large, max-video-preview:-1\" \/>\n<link rel=\"canonical\" href=\"https:\/\/www.babyshowers.be\/nl\/over-ons\/\" \/>\n<meta property=\"og:locale\" content=\"nl_NL\" \/>\n<meta property=\"og:type\" content=\"article\" \/>\n<meta property=\"og:title\" content=\"Carine de R\u00e9dime , expert in babyshowers en cadeau-idee\u00ebn\" \/>\n<meta property=\"og:description\" content=\"Ontdek de tips van Carine de R\u00e9dime voor het organiseren van onvergetelijke babyshowers en het vinden van het perfecte cadeau.\" \/>\n<meta property=\"og:url\" content=\"https:\/\/www.babyshowers.be\/nl\/over-ons\/\" \/>\n<meta property=\"og:site_name\" content=\"Baby Showers\" \/>\n<meta property=\"article:modified_time\" content=\"2025-08-26T15:20:28+00:00\" \/>\n<meta name=\"twitter:card\" content=\"summary_large_image\" \/>\n<meta name=\"twitter:label1\" content=\"Geschatte leestijd\" \/>\n\t<meta name=\"twitter:data1\" content=\"2 minuten\" \/>\n<script type=\"application\/ld+json\" class=\"yoast-schema-graph\">{\"@context\":\"https:\\\/\\\/schema.org\",\"@graph\":[{\"@type\":\"WebPage\",\"@id\":\"https:\\\/\\\/www.babyshowers.be\\\/nl\\\/over-ons\\\/\",\"url\":\"https:\\\/\\\/www.babyshowers.be\\\/nl\\\/over-ons\\\/\",\"name\":\"Carine de R\u00e9dime , expert in babyshowers en cadeau-idee\u00ebn\",\"isPartOf\":{\"@id\":\"https:\\\/\\\/www.babyshowers.be\\\/nl\\\/#website\"},\"datePublished\":\"2025-08-26T15:20:18+00:00\",\"dateModified\":\"2025-08-26T15:20:28+00:00\",\"description\":\"Ontdek de tips van Carine de R\u00e9dime voor het organiseren van onvergetelijke babyshowers en het vinden van het perfecte cadeau.\",\"breadcrumb\":{\"@id\":\"https:\\\/\\\/www.babyshowers.be\\\/nl\\\/over-ons\\\/#breadcrumb\"},\"inLanguage\":\"nl-NL\",\"potentialAction\":[{\"@type\":\"ReadAction\",\"target\":[\"https:\\\/\\\/www.babyshowers.be\\\/nl\\\/over-ons\\\/\"]}]},{\"@type\":\"BreadcrumbList\",\"@id\":\"https:\\\/\\\/www.babyshowers.be\\\/nl\\\/over-ons\\\/#breadcrumb\",\"itemListElement\":[{\"@type\":\"ListItem\",\"position\":1,\"name\":\"Accueil\",\"item\":\"https:\\\/\\\/www.babyshowers.be\\\/nl\\\/\"},{\"@type\":\"ListItem\",\"position\":2,\"name\":\"Over ons\"}]},{\"@type\":\"WebSite\",\"@id\":\"https:\\\/\\\/www.babyshowers.be\\\/nl\\\/#website\",\"url\":\"https:\\\/\\\/www.babyshowers.be\\\/nl\\\/\",\"name\":\"Baby Showers\",\"description\":\"Plein de bonnes id\u00e9es pour une baby shower r\u00e9ussie\",\"publisher\":{\"@id\":\"https:\\\/\\\/www.babyshowers.be\\\/nl\\\/#organization\"},\"potentialAction\":[{\"@type\":\"SearchAction\",\"target\":{\"@type\":\"EntryPoint\",\"urlTemplate\":\"https:\\\/\\\/www.babyshowers.be\\\/nl\\\/?s={search_term_string}\"},\"query-input\":{\"@type\":\"PropertyValueSpecification\",\"valueRequired\":true,\"valueName\":\"search_term_string\"}}],\"inLanguage\":\"nl-NL\"},{\"@type\":\"Organization\",\"@id\":\"https:\\\/\\\/www.babyshowers.be\\\/nl\\\/#organization\",\"name\":\"Baby Showers\",\"url\":\"https:\\\/\\\/www.babyshowers.be\\\/nl\\\/\",\"logo\":{\"@type\":\"ImageObject\",\"inLanguage\":\"nl-NL\",\"@id\":\"https:\\\/\\\/www.babyshowers.be\\\/nl\\\/#\\\/schema\\\/logo\\\/image\\\/\",\"url\":\"https:\\\/\\\/www.babyshowers.be\\\/wp-content\\\/uploads\\\/2022\\\/09\\\/spices.webp\",\"contentUrl\":\"https:\\\/\\\/www.babyshowers.be\\\/wp-content\\\/uploads\\\/2022\\\/09\\\/spices.webp\",\"width\":1600,\"height\":1067,\"caption\":\"Baby Showers\"},\"image\":{\"@id\":\"https:\\\/\\\/www.babyshowers.be\\\/nl\\\/#\\\/schema\\\/logo\\\/image\\\/\"}}]}<\/script>\n<!-- \/ Yoast SEO plugin. -->","yoast_head_json":{"title":"Carine de R\u00e9dime , expert in babyshowers en cadeau-idee\u00ebn","description":"Ontdek de tips van Carine de R\u00e9dime voor het organiseren van onvergetelijke babyshowers en het vinden van het perfecte cadeau.","robots":{"index":"index","follow":"follow","max-snippet":"max-snippet:-1","max-image-preview":"max-image-preview:large","max-video-preview":"max-video-preview:-1"},"canonical":"https:\/\/www.babyshowers.be\/nl\/over-ons\/","og_locale":"nl_NL","og_type":"article","og_title":"Carine de R\u00e9dime , expert in babyshowers en cadeau-idee\u00ebn","og_description":"Ontdek de tips van Carine de R\u00e9dime voor het organiseren van onvergetelijke babyshowers en het vinden van het perfecte cadeau.","og_url":"https:\/\/www.babyshowers.be\/nl\/over-ons\/","og_site_name":"Baby Showers","article_modified_time":"2025-08-26T15:20:28+00:00","twitter_card":"summary_large_image","twitter_misc":{"Geschatte leestijd":"2 minuten"},"schema":{"@context":"https:\/\/schema.org","@graph":[{"@type":"WebPage","@id":"https:\/\/www.babyshowers.be\/nl\/over-ons\/","url":"https:\/\/www.babyshowers.be\/nl\/over-ons\/","name":"Carine de R\u00e9dime , expert in babyshowers en cadeau-idee\u00ebn","isPartOf":{"@id":"https:\/\/www.babyshowers.be\/nl\/#website"},"datePublished":"2025-08-26T15:20:18+00:00","dateModified":"2025-08-26T15:20:28+00:00","description":"Ontdek de tips van Carine de R\u00e9dime voor het organiseren van onvergetelijke babyshowers en het vinden van het perfecte cadeau.","breadcrumb":{"@id":"https:\/\/www.babyshowers.be\/nl\/over-ons\/#breadcrumb"},"inLanguage":"nl-NL","potentialAction":[{"@type":"ReadAction","target":["https:\/\/www.babyshowers.be\/nl\/over-ons\/"]}]},{"@type":"BreadcrumbList","@id":"https:\/\/www.babyshowers.be\/nl\/over-ons\/#breadcrumb","itemListElement":[{"@type":"ListItem","position":1,"name":"Accueil","item":"https:\/\/www.babyshowers.be\/nl\/"},{"@type":"ListItem","position":2,"name":"Over ons"}]},{"@type":"WebSite","@id":"https:\/\/www.babyshowers.be\/nl\/#website","url":"https:\/\/www.babyshowers.be\/nl\/","name":"Baby Showers","description":"Plein de bonnes id\u00e9es pour une baby shower r\u00e9ussie","publisher":{"@id":"https:\/\/www.babyshowers.be\/nl\/#organization"},"potentialAction":[{"@type":"SearchAction","target":{"@type":"EntryPoint","urlTemplate":"https:\/\/www.babyshowers.be\/nl\/?s={search_term_string}"},"query-input":{"@type":"PropertyValueSpecification","valueRequired":true,"valueName":"search_term_string"}}],"inLanguage":"nl-NL"},{"@type":"Organization","@id":"https:\/\/www.babyshowers.be\/nl\/#organization","name":"Baby Showers","url":"https:\/\/www.babyshowers.be\/nl\/","logo":{"@type":"ImageObject","inLanguage":"nl-NL","@id":"https:\/\/www.babyshowers.be\/nl\/#\/schema\/logo\/image\/","url":"https:\/\/www.babyshowers.be\/wp-content\/uploads\/2022\/09\/spices.webp","contentUrl":"https:\/\/www.babyshowers.be\/wp-content\/uploads\/2022\/09\/spices.webp","width":1600,"height":1067,"caption":"Baby Showers"},"image":{"@id":"https:\/\/www.babyshowers.be\/nl\/#\/schema\/logo\/image\/"}}]}},"jetpack_sharing_enabled":true,"jetpack-related-posts":[{"id":1429,"url":"https:\/\/www.babyshowers.be\/nl\/","url_meta":{"origin":1766,"position":0},"title":"Home","author":"admin","date":"21 september 2022","format":false,"excerpt":"","rel":"","context":"Soortgelijk bericht","block_context":{"text":"Soortgelijk bericht","link":""},"img":{"alt_text":"","src":"https:\/\/i0.wp.com\/www.babyshowers.be\/wp-content\/uploads\/2025\/04\/deco-baby-shower-rose-et-bleu.jpg?resize=350%2C200&ssl=1","width":350,"height":200,"srcset":"https:\/\/i0.wp.com\/www.babyshowers.be\/wp-content\/uploads\/2025\/04\/deco-baby-shower-rose-et-bleu.jpg?resize=350%2C200&ssl=1 1x, https:\/\/i0.wp.com\/www.babyshowers.be\/wp-content\/uploads\/2025\/04\/deco-baby-shower-rose-et-bleu.jpg?resize=525%2C300&ssl=1 1.5x, https:\/\/i0.wp.com\/www.babyshowers.be\/wp-content\/uploads\/2025\/04\/deco-baby-shower-rose-et-bleu.jpg?resize=700%2C400&ssl=1 2x"},"classes":[]},{"id":2,"url":"https:\/\/www.babyshowers.be\/sample-page\/","url_meta":{"origin":1766,"position":1},"title":"Accueil","author":"admin","date":"21 september 2022","format":false,"excerpt":"","rel":"","context":"Soortgelijk bericht","block_context":{"text":"Soortgelijk bericht","link":""},"img":{"alt_text":"","src":"https:\/\/i0.wp.com\/www.babyshowers.be\/wp-content\/uploads\/2025\/04\/deco-baby-shower-rose-et-bleu.jpg?resize=350%2C200&ssl=1","width":350,"height":200,"srcset":"https:\/\/i0.wp.com\/www.babyshowers.be\/wp-content\/uploads\/2025\/04\/deco-baby-shower-rose-et-bleu.jpg?resize=350%2C200&ssl=1 1x, https:\/\/i0.wp.com\/www.babyshowers.be\/wp-content\/uploads\/2025\/04\/deco-baby-shower-rose-et-bleu.jpg?resize=525%2C300&ssl=1 1.5x, https:\/\/i0.wp.com\/www.babyshowers.be\/wp-content\/uploads\/2025\/04\/deco-baby-shower-rose-et-bleu.jpg?resize=700%2C400&ssl=1 2x"},"classes":[]},{"id":1432,"url":"https:\/\/www.babyshowers.be\/nl\/privacybeleid\/","url_meta":{"origin":1766,"position":2},"title":"Privacybeleid","author":"james","date":"28 september 2022","format":false,"excerpt":"Verklaring gegevensbescherming \u00a0 1. Waarom verwerken wij uw persoonlijke gegevens? \u00a0 1.1. Verspreiding en verzameling van informatie en verwerking van dossiers \u00a0 1.1.1 Vragen beantwoorden via het contactformulier \u00a0 We verwerken deze persoonlijke gegevens om de veiligheid (van informatie) en goede werking van onze organisatie te garanderen. \u00a0 Welke persoonlijke\u2026","rel":"","context":"Soortgelijk bericht","block_context":{"text":"Soortgelijk bericht","link":""},"img":{"alt_text":"","src":"","width":0,"height":0},"classes":[]},{"id":1442,"url":"https:\/\/www.babyshowers.be\/nl\/neem-contact-op-met\/","url_meta":{"origin":1766,"position":3},"title":"Neem contact op met","author":"james","date":"26 september 2022","format":false,"excerpt":"","rel":"","context":"Soortgelijk bericht","block_context":{"text":"Soortgelijk bericht","link":""},"img":{"alt_text":"","src":"","width":0,"height":0},"classes":[]},{"id":305,"url":"https:\/\/www.babyshowers.be\/contact\/","url_meta":{"origin":1766,"position":4},"title":"Contact","author":"james","date":"26 september 2022","format":false,"excerpt":"","rel":"","context":"Soortgelijk bericht","block_context":{"text":"Soortgelijk bericht","link":""},"img":{"alt_text":"","src":"","width":0,"height":0},"classes":[]},{"id":1448,"url":"https:\/\/www.babyshowers.be\/nl\/juridische-informatie\/","url_meta":{"origin":1766,"position":5},"title":"Juridische informatie","author":"james","date":"28 september 2022","format":false,"excerpt":"WIE ZIJN WE https:\/\/the-internet-corporation.com\/ Beheer website \u00a0 Missie Informatie verstrekken op het internet \u00a0 Neem contact op met info@-the-internet-corporation.com \u00a0 https:\/\/the-internet-corporation.com\/ verbindt zich ertoe de geldende wetgeving in Belgi\u00eb en Europa na te leven en stelt alles in het werk om elk ongeoorloofd of onwettig gebruik van uw persoonsgegevens te\u2026","rel":"","context":"Soortgelijk bericht","block_context":{"text":"Soortgelijk bericht","link":""},"img":{"alt_text":"","src":"","width":0,"height":0},"classes":[]}],"_links":{"self":[{"href":"https:\/\/www.babyshowers.be\/nl\/wp-json\/wp\/v2\/pages\/1766","targetHints":{"allow":["GET"]}}],"collection":[{"href":"https:\/\/www.babyshowers.be\/nl\/wp-json\/wp\/v2\/pages"}],"about":[{"href":"https:\/\/www.babyshowers.be\/nl\/wp-json\/wp\/v2\/types\/page"}],"author":[{"embeddable":true,"href":"https:\/\/www.babyshowers.be\/nl\/wp-json\/wp\/v2\/users\/11"}],"replies":[{"embeddable":true,"href":"https:\/\/www.babyshowers.be\/nl\/wp-json\/wp\/v2\/comments?post=1766"}],"version-history":[{"count":2,"href":"https:\/\/www.babyshowers.be\/nl\/wp-json\/wp\/v2\/pages\/1766\/revisions"}],"predecessor-version":[{"id":1768,"href":"https:\/\/www.babyshowers.be\/nl\/wp-json\/wp\/v2\/pages\/1766\/revisions\/1768"}],"wp:attachment":[{"href":"https:\/\/www.babyshowers.be\/nl\/wp-json\/wp\/v2\/media?parent=1766"}],"curies":[{"name":"wp","href":"https:\/\/api.w.org\/{rel}","templated":true}]}}